{"id":3,"date":"2025-09-24T22:31:09","date_gmt":"2025-09-24T22:31:09","guid":{"rendered":"https:\/\/pass.16xv.com.br\/?page_id=3"},"modified":"2025-10-11T23:46:10","modified_gmt":"2025-10-11T23:46:10","slug":"politica-privacidade","status":"publish","type":"page","link":"https:\/\/pass.16xv.com.br\/index.php\/politica-privacidade\/","title":{"rendered":"Pol\u00edtica de Privacidade"},"content":{"rendered":"\t\t<div data-elementor-type=\"wp-page\" data-elementor-id=\"3\" class=\"elementor elementor-3\" data-elementor-post-type=\"page\">\n\t\t\t\t<div class=\"elementor-element elementor-element-116fff07 e-flex e-con-boxed e-con e-parent\" data-id=\"116fff07\" data-element_type=\"container\" data-e-type=\"container\">\n\t\t\t\t\t<div class=\"e-con-inner\">\n\t\t\t\t<div class=\"elementor-element elementor-element-b436ddc elementor-widget elementor-widget-heading\" data-id=\"b436ddc\" data-element_type=\"widget\" data-e-type=\"widget\" data-widget_type=\"heading.default\">\n\t\t\t\t<div class=\"elementor-widget-container\">\n\t\t\t\t\t<h2 class=\"elementor-heading-title elementor-size-default\">Pol\u00edtica de Privacidade<\/h2>\t\t\t\t<\/div>\n\t\t\t\t<\/div>\n\t\t\t\t<div class=\"elementor-element elementor-element-291631e elementor-widget elementor-widget-heading\" data-id=\"291631e\" data-element_type=\"widget\" data-e-type=\"widget\" data-widget_type=\"heading.default\">\n\t\t\t\t<div class=\"elementor-widget-container\">\n\t\t\t\t\t<h2 class=\"elementor-heading-title elementor-size-default\">Password Solu\u00e7\u00f5es em Tecnologia Ltda<\/h2>\t\t\t\t<\/div>\n\t\t\t\t<\/div>\n\t\t\t\t<div class=\"elementor-element elementor-element-41b8e30e elementor-widget__width-initial elementor-widget elementor-widget-text-editor\" data-id=\"41b8e30e\" data-element_type=\"widget\" data-e-type=\"widget\" data-widget_type=\"text-editor.default\">\n\t\t\t\t<div class=\"elementor-widget-container\">\n\t\t\t\t\t\t\t\t\t<p>A Pol\u00edtica de Privacidade da PASSWORD SOLUCOES EM TECNOLOGIA LTDA (AR PASSWORD), inscrita no CNPJ sob o n\u00b0 32.076.453\/0001 98 e demais empresas do grupo, foi criada para mostrar o nosso compromisso em sempre tratar os seus dados pessoais com seguran\u00e7a, privacidade e transpar\u00eancia. Esta Pol\u00edtica de Privacidade descreve os dados pessoais que coletamos, como eles s\u00e3o usados, armazenados e compartilhados e os seus direitos em rela\u00e7\u00e3o a esses dados. Recomendamos a leitura atenta.<\/p>\t\t\t\t\t\t\t\t<\/div>\n\t\t\t\t<\/div>\n\t\t\t\t<div class=\"elementor-element elementor-element-99e58cb elementor-widget elementor-widget-heading\" data-id=\"99e58cb\" data-element_type=\"widget\" data-e-type=\"widget\" data-widget_type=\"heading.default\">\n\t\t\t\t<div class=\"elementor-widget-container\">\n\t\t\t\t\t<h2 class=\"elementor-heading-title elementor-size-default\">1. OBJETIVO<\/h2>\t\t\t\t<\/div>\n\t\t\t\t<\/div>\n\t\t\t\t<div class=\"elementor-element elementor-element-f6a000a elementor-widget elementor-widget-text-editor\" data-id=\"f6a000a\" data-element_type=\"widget\" data-e-type=\"widget\" data-widget_type=\"text-editor.default\">\n\t\t\t\t<div class=\"elementor-widget-container\">\n\t\t\t\t\t\t\t\t\t<p class=\"mb-2\">1.1. A presente Pol\u00edtica tem por finalidade refor\u00e7ar o compromisso da AR PASSWORD com a sociedade, garantindo que todas as etapas das suas atividades desempenhadas est\u00e3o em conson\u00e2ncia com a Lei Geral de Prote\u00e7\u00e3o de Dados Pessoais.<\/p>\n<p class=\"mb-2\">1.2. Quando voc\u00ea contrata os servi\u00e7os da AR PASSWORD, voc\u00ea nos fornece os seus dados pessoais para que possamos viabilizar a contrata\u00e7\u00e3o de nossos produtos e servi\u00e7os. Na AR PASSWORD a privacidade, seguran\u00e7a e transpar\u00eancia s\u00e3o valores fundamentais e sempre adotaremos as melhores pr\u00e1ticas para garantir a confidencialidade e integridade dos seus dados pessoais.<\/p>\n<p class=\"mb-2\">1.3. A AR PASSWORD reconhece a import\u00e2ncia da privacidade do ser humano e est\u00e1 comprometida com os princ\u00edpios da boa-f\u00e9, finalidade, adequa\u00e7\u00e3o, necessidade, livre acesso, qualidade dos dados, transpar\u00eancia, seguran\u00e7a, preven\u00e7\u00e3o, n\u00e3o discrimina\u00e7\u00e3o, responsabiliza\u00e7\u00e3o e presta\u00e7\u00e3o de contas, quando do processamento de dados pessoais.<\/p>\n<p class=\"mb-2\">1.4. Mesmo ap\u00f3s a leitura de nossa Pol\u00edtica de Privacidade, se voc\u00ea tiver d\u00favidas, reclama\u00e7\u00f5es, quiser exercer seus direitos relacionados aos seus dados pessoais ou se comunicar com a AR PASSWORD sobre esse assunto, voc\u00ea pode entrar em contato conosco pelos nossos canais de atendimento ou contatar o nosso encarregado (DPO) pelo e-mail dpo@arpassword.com.br.<\/p>\t\t\t\t\t\t\t\t<\/div>\n\t\t\t\t<\/div>\n\t\t\t\t<div class=\"elementor-element elementor-element-2794340 elementor-widget elementor-widget-heading\" data-id=\"2794340\" data-element_type=\"widget\" data-e-type=\"widget\" data-widget_type=\"heading.default\">\n\t\t\t\t<div class=\"elementor-widget-container\">\n\t\t\t\t\t<h2 class=\"elementor-heading-title elementor-size-default\">2. ABRANG\u00caNCIA<\/h2>\t\t\t\t<\/div>\n\t\t\t\t<\/div>\n\t\t\t\t<div class=\"elementor-element elementor-element-6d0bdc0 elementor-widget elementor-widget-text-editor\" data-id=\"6d0bdc0\" data-element_type=\"widget\" data-e-type=\"widget\" data-widget_type=\"text-editor.default\">\n\t\t\t\t<div class=\"elementor-widget-container\">\n\t\t\t\t\t\t\t\t\t<p class=\"mb-2\">2.1 Este documento abrange todos os tratamentos de dados pessoais de clientes, fornecedores, parceiros de neg\u00f3cios, funcion\u00e1rios e outros indiv\u00edduos, realizados pela AR PASSWORD e indica as diretrizes que dever\u00e3o ser seguidas, seja quando da atua\u00e7\u00e3o como Controlador, seja quando da atua\u00e7\u00e3o como Operador, tanto no meio digital, quanto no meio f\u00edsico.<\/p>\n<p class=\"mb-2\">2.2 Esta Pol\u00edtica de Prote\u00e7\u00e3o de Dados Pessoais aplica-se \u00e0 AR PASSWORD e demais filiais, controladas direta ou indiretamente, que conduzem neg\u00f3cios no \u00e2mbito Nacional e\/ou Internacional.<\/p>\n<p class=\"mb-2\">2.3 Esta Pol\u00edtica de Privacidade \u00e9 aplic\u00e1vel a todos os clientes do AR PASSWORD no Brasil. N\u00f3s coletamos os seus dados pessoais sempre que voc\u00ea:<\/p>\n<ul class=\"list-disc pl-6 mb-4\">\n<li>Contratar ou usar qualquer um dos nossos produtos ou servi\u00e7os, adquirindo um certificado digital.<\/li>\n<li>Navegar no website do AR PASSWORD: https:\/\/passwordcertificacao.com.br\/<\/li>\n<li>Navegar nas m\u00eddias sociais Instagram, Facebook, Linkedin, Twitter e Pinterest.<\/li>\n<li>Entrar em contato conosco pelos nossos canais de atendimento WhatsApp, e-mail e telefone.<\/li>\n<li>Participar de pesquisas ou promo\u00e7\u00f5es realizadas pela AR PASSWORD.<\/li>\n<\/ul>\t\t\t\t\t\t\t\t<\/div>\n\t\t\t\t<\/div>\n\t\t\t\t<div class=\"elementor-element elementor-element-2807810 elementor-widget elementor-widget-heading\" data-id=\"2807810\" data-element_type=\"widget\" data-e-type=\"widget\" data-widget_type=\"heading.default\">\n\t\t\t\t<div class=\"elementor-widget-container\">\n\t\t\t\t\t<h2 class=\"elementor-heading-title elementor-size-default\">3. REFER\u00caNCIAS<\/h2>\t\t\t\t<\/div>\n\t\t\t\t<\/div>\n\t\t\t\t<div class=\"elementor-element elementor-element-63387f8 elementor-widget elementor-widget-text-editor\" data-id=\"63387f8\" data-element_type=\"widget\" data-e-type=\"widget\" data-widget_type=\"text-editor.default\">\n\t\t\t\t<div class=\"elementor-widget-container\">\n\t\t\t\t\t\t\t\t\t<p class=\"mb-2\">3.1 Lei Geral de Prote\u00e7\u00e3o de Dados Pessoais (Lei n\u00ba 13.709, de 14 de agosto de 2018).<\/p>\n<p class=\"mb-2\">3.2 Normativas ICP-Brasil.<\/p>\t\t\t\t\t\t\t\t<\/div>\n\t\t\t\t<\/div>\n\t\t\t\t<div class=\"elementor-element elementor-element-8dbf965 elementor-widget elementor-widget-heading\" data-id=\"8dbf965\" data-element_type=\"widget\" data-e-type=\"widget\" data-widget_type=\"heading.default\">\n\t\t\t\t<div class=\"elementor-widget-container\">\n\t\t\t\t\t<h2 class=\"elementor-heading-title elementor-size-default\">4. DEFINI\u00c7\u00d5ES<\/h2>\t\t\t\t<\/div>\n\t\t\t\t<\/div>\n\t\t\t\t<div class=\"elementor-element elementor-element-f9941f1 elementor-widget elementor-widget-text-editor\" data-id=\"f9941f1\" data-element_type=\"widget\" data-e-type=\"widget\" data-widget_type=\"text-editor.default\">\n\t\t\t\t<div class=\"elementor-widget-container\">\n\t\t\t\t\t\t\t\t\t<p class=\"mb-2\">4.1 Dados Pessoais: Qualquer informa\u00e7\u00e3o relativa a uma pessoa natural identificada ou identific\u00e1vel (titular dos dados); \u00e9 considerada identific\u00e1vel uma pessoa natural que possa ser identificada, direta ou indiretamente, em especial por refer\u00eancia a uma informa\u00e7\u00e3o, como por exemplo um nome, um n\u00famero de identifica\u00e7\u00e3o, dados de localiza\u00e7\u00e3o, identificadores por via eletr\u00f4nica ou a um ou mais elementos espec\u00edficos da identidade f\u00edsica, fisiol\u00f3gica, gen\u00e9tica, mental, econ\u00f3mica, cultural ou social dessa pessoa natural.<\/p>\n<p class=\"mb-2\">4.2 Titular dos dados pessoais: Pessoa natural a quem se referem os dados pessoais que s\u00e3o objeto de tratamento, o indiv\u00edduo.<\/p>\n<p class=\"mb-2\">4.3 Dados Pessoais Sens\u00edveis: Trata-se de dados pessoais que s\u00e3o, pela sua natureza, particularmente sens\u00edveis, vez que invadem um n\u00edvel maior de privacidade do indiv\u00edduo, podendo criar riscos significativos para os direitos e liberdades fundamentais. Conforme a legisla\u00e7\u00e3o, dados pessoais sens\u00edveis s\u00e3o:<\/p>\n<ul class=\"list-disc pl-6 mb-4\">\n<li>Dados sobre a origem racial ou \u00e9tnica;<\/li>\n<li>Dados sobre a convic\u00e7\u00e3o religiosa;<\/li>\n<li>Dados sobre a opini\u00e3o pol\u00edtica;<\/li>\n<li>Dados sobre a filia\u00e7\u00e3o sindical;<\/li>\n<li>Dados sobre a filia\u00e7\u00e3o a organiza\u00e7\u00e3o de car\u00e1ter religioso, filos\u00f3fico ou pol\u00edtico;<\/li>\n<li>Dados referente \u00e0 sa\u00fade ou \u00e0 vida sexual;<\/li>\n<li>Dados gen\u00e9ticos ou biom\u00e9tricos, quando vinculados a uma pessoa natural.<\/li>\n<\/ul>\t\t\t\t\t\t\t\t<\/div>\n\t\t\t\t<\/div>\n\t\t\t\t<div class=\"elementor-element elementor-element-3e55dcf elementor-widget elementor-widget-heading\" data-id=\"3e55dcf\" data-element_type=\"widget\" data-e-type=\"widget\" data-widget_type=\"heading.default\">\n\t\t\t\t<div class=\"elementor-widget-container\">\n\t\t\t\t\t<h2 class=\"elementor-heading-title elementor-size-default\">5. DIRETRIZES GERAIS E ESPEC\u00cdFICAS<\/h2>\t\t\t\t<\/div>\n\t\t\t\t<\/div>\n\t\t\t\t<div class=\"elementor-element elementor-element-ef383b0 elementor-widget elementor-widget-text-editor\" data-id=\"ef383b0\" data-element_type=\"widget\" data-e-type=\"widget\" data-widget_type=\"text-editor.default\">\n\t\t\t\t<div class=\"elementor-widget-container\">\n\t\t\t\t\t\t\t\t\t<p class=\"mb-2\">5.1 O comprometimento da AR PASSWORD com a legisla\u00e7\u00e3o de prote\u00e7\u00e3o de dados pessoais existe em todas as etapas do processamento das informa\u00e7\u00f5es, integrando transpar\u00eancia, privacidade e prote\u00e7\u00e3o \u00e0s possibilidades de tratamento dos dados pessoais, sempre respeitando o ciclo de vida das informa\u00e7\u00f5es, tanto no meio f\u00edsico, quanto no meio digital.<\/p>\t\t\t\t\t\t\t\t<\/div>\n\t\t\t\t<\/div>\n\t\t\t\t<div class=\"elementor-element elementor-element-3058e8f elementor-widget elementor-widget-heading\" data-id=\"3058e8f\" data-element_type=\"widget\" data-e-type=\"widget\" data-widget_type=\"heading.default\">\n\t\t\t\t<div class=\"elementor-widget-container\">\n\t\t\t\t\t<h2 class=\"elementor-heading-title elementor-size-default\">6. QUAIS DADOS PESSOAIS S\u00c3O COLETADOS PELO AR PASSWORD<\/h2>\t\t\t\t<\/div>\n\t\t\t\t<\/div>\n\t\t\t\t<div class=\"elementor-element elementor-element-6111afe elementor-widget elementor-widget-text-editor\" data-id=\"6111afe\" data-element_type=\"widget\" data-e-type=\"widget\" data-widget_type=\"text-editor.default\">\n\t\t\t\t<div class=\"elementor-widget-container\">\n\t\t\t\t\t\t\t\t\t<p class=\"mb-2\">6.1 Ao solicitar, contratar ou usar os produtos ou servi\u00e7os da AR PASSWORD, voc\u00ea nos fornece, e n\u00f3s coletamos, alguns dados pessoais relacionados a voc\u00ea. Desde o momento em que voc\u00ea interage com a AR PASSWORD, n\u00f3s coletamos os seus dados pessoais.<\/p>\t\t\t\t\t\t\t\t<\/div>\n\t\t\t\t<\/div>\n\t\t\t\t<div class=\"elementor-element elementor-element-3a3e291 elementor-widget elementor-widget-heading\" data-id=\"3a3e291\" data-element_type=\"widget\" data-e-type=\"widget\" data-widget_type=\"heading.default\">\n\t\t\t\t<div class=\"elementor-widget-container\">\n\t\t\t\t\t<h2 class=\"elementor-heading-title elementor-size-default\">7. UTILIZA\u00c7\u00c3O DOS DADOS PESSOAIS COLETADOS<\/h2>\t\t\t\t<\/div>\n\t\t\t\t<\/div>\n\t\t\t\t<div class=\"elementor-element elementor-element-cc2f7ea elementor-widget elementor-widget-text-editor\" data-id=\"cc2f7ea\" data-element_type=\"widget\" data-e-type=\"widget\" data-widget_type=\"text-editor.default\">\n\t\t\t\t<div class=\"elementor-widget-container\">\n\t\t\t\t\t\t\t\t\t<p class=\"mb-2\">7.1 A AR PASSWORD utiliza os seus dados pessoais para poder prestar um servi\u00e7o de alta qualidade e oferecer os melhores produtos a voc\u00ea. Detalhamos a seguir as finalidades para as quais utilizamos os seus dados pessoais: Presta\u00e7\u00e3o dos servi\u00e7os e oferecimento dos produtos contratados;<\/p>\t\t\t\t\t\t\t\t<\/div>\n\t\t\t\t<\/div>\n\t\t\t\t<div class=\"elementor-element elementor-element-d7e56b1 elementor-widget elementor-widget-heading\" data-id=\"d7e56b1\" data-element_type=\"widget\" data-e-type=\"widget\" data-widget_type=\"heading.default\">\n\t\t\t\t<div class=\"elementor-widget-container\">\n\t\t\t\t\t<h2 class=\"elementor-heading-title elementor-size-default\">8. QUAIS S\u00c3O AS BASES LEGAIS APLIC\u00c1VEIS<\/h2>\t\t\t\t<\/div>\n\t\t\t\t<\/div>\n\t\t\t\t<div class=\"elementor-element elementor-element-d5b7ae4 elementor-widget elementor-widget-text-editor\" data-id=\"d5b7ae4\" data-element_type=\"widget\" data-e-type=\"widget\" data-widget_type=\"text-editor.default\">\n\t\t\t\t<div class=\"elementor-widget-container\">\n\t\t\t\t\t\t\t\t\t<p class=\"mb-2\">8.1 A AR PASSWORD preocupa-se especialmente com os direitos das crian\u00e7as e adolescentes, raz\u00e3o pela qual a coleta de dados pessoais de menores de 18 anos estar\u00e1 condicionada ao consentimento espec\u00edfico e em destaque dado por pelo menos um dos pais ou pelo respons\u00e1vel legal.<\/p>\t\t\t\t\t\t\t\t<\/div>\n\t\t\t\t<\/div>\n\t\t\t\t<div class=\"elementor-element elementor-element-48f8d06 elementor-widget elementor-widget-heading\" data-id=\"48f8d06\" data-element_type=\"widget\" data-e-type=\"widget\" data-widget_type=\"heading.default\">\n\t\t\t\t<div class=\"elementor-widget-container\">\n\t\t\t\t\t<h2 class=\"elementor-heading-title elementor-size-default\">9. COMPARTILHAMENTO DE DADOS PESSOAIS<\/h2>\t\t\t\t<\/div>\n\t\t\t\t<\/div>\n\t\t\t\t<div class=\"elementor-element elementor-element-b84d178 elementor-widget elementor-widget-text-editor\" data-id=\"b84d178\" data-element_type=\"widget\" data-e-type=\"widget\" data-widget_type=\"text-editor.default\">\n\t\t\t\t<div class=\"elementor-widget-container\">\n\t\t\t\t\t\t\t\t\t<p class=\"mb-2\">9.1 A AR PASSWORD poder\u00e1 compartilhar os seus dados caso voc\u00ea solicite. O compartilhamento dos seus dados tamb\u00e9m poder\u00e1 ser feito com empresas do grupo da AR PASSWORD, com terceiros parceiros e com autoridades e \u00f3rg\u00e3os reguladores para diferentes finalidades, quando necess\u00e1rio.<\/p>\t\t\t\t\t\t\t\t<\/div>\n\t\t\t\t<\/div>\n\t\t\t\t<div class=\"elementor-element elementor-element-4679856 elementor-widget elementor-widget-heading\" data-id=\"4679856\" data-element_type=\"widget\" data-e-type=\"widget\" data-widget_type=\"heading.default\">\n\t\t\t\t<div class=\"elementor-widget-container\">\n\t\t\t\t\t<h2 class=\"elementor-heading-title elementor-size-default\">10. RETEN\u00c7\u00c3O E EXCLUS\u00c3O DOS SEUS DADOS PESSOAIS<\/h2>\t\t\t\t<\/div>\n\t\t\t\t<\/div>\n\t\t\t\t<div class=\"elementor-element elementor-element-8186dda elementor-widget elementor-widget-text-editor\" data-id=\"8186dda\" data-element_type=\"widget\" data-e-type=\"widget\" data-widget_type=\"text-editor.default\">\n\t\t\t\t<div class=\"elementor-widget-container\">\n\t\t\t\t\t\t\t\t\t<p class=\"mb-4\">10.1 Enquanto voc\u00ea for um Cliente ou Prospecto da AR PASSWORD, durante o uso dos nossos produtos e servi\u00e7os e por todo o per\u00edodo em que a AR PASSWORD armazenar seus dados pessoais, eles ser\u00e3o mantidos em ambiente seguro e controlado.<\/p>\t\t\t\t\t\t\t\t<\/div>\n\t\t\t\t<\/div>\n\t\t\t\t<div class=\"elementor-element elementor-element-23b63fb elementor-widget elementor-widget-heading\" data-id=\"23b63fb\" data-element_type=\"widget\" data-e-type=\"widget\" data-widget_type=\"heading.default\">\n\t\t\t\t<div class=\"elementor-widget-container\">\n\t\t\t\t\t<h2 class=\"elementor-heading-title elementor-size-default\">11. SEUS DIREITOS COMO TITULAR DE DADOS PESSOAIS<\/h2>\t\t\t\t<\/div>\n\t\t\t\t<\/div>\n\t\t\t\t<div class=\"elementor-element elementor-element-2ebf430 elementor-widget elementor-widget-text-editor\" data-id=\"2ebf430\" data-element_type=\"widget\" data-e-type=\"widget\" data-widget_type=\"text-editor.default\">\n\t\t\t\t<div class=\"elementor-widget-container\">\n\t\t\t\t\t\t\t\t\t<p class=\"mb-4\">Voc\u00ea, como titular de dados pessoais, pode exercer seus direitos frente aos controladores dos seus dados pessoais. N\u00f3s disponibilizamos os mecanismos detalhados abaixo para que voc\u00ea possa entender de forma clara e transparente como exercer seus direitos e nossa equipe estar\u00e1 pronta para atender eventuais solicita\u00e7\u00f5es.<\/p>\t\t\t\t\t\t\t\t<\/div>\n\t\t\t\t<\/div>\n\t\t\t\t<div class=\"elementor-element elementor-element-315acf2 elementor-widget elementor-widget-heading\" data-id=\"315acf2\" data-element_type=\"widget\" data-e-type=\"widget\" data-widget_type=\"heading.default\">\n\t\t\t\t<div class=\"elementor-widget-container\">\n\t\t\t\t\t<h2 class=\"elementor-heading-title elementor-size-default\">12. REGISTRO DE ATIVIDADES<\/h2>\t\t\t\t<\/div>\n\t\t\t\t<\/div>\n\t\t\t\t<div class=\"elementor-element elementor-element-292eca9 elementor-widget elementor-widget-text-editor\" data-id=\"292eca9\" data-element_type=\"widget\" data-e-type=\"widget\" data-widget_type=\"text-editor.default\">\n\t\t\t\t<div class=\"elementor-widget-container\">\n\t\t\t\t\t\t\t\t\t<p class=\"mb-4\">Podemos registrar as atividades que voc\u00ea realiza quando utiliza nosso site ou blogs, criando, quando poss\u00edvel e aplic\u00e1vel, logs (registros de atividades efetuadas nos sites e aplicativos e servi\u00e7os) que conter\u00e3o: o endere\u00e7o IP, acesso e a\u00e7\u00f5es realizadas por voc\u00ea no servi\u00e7o disponibilizado, data e hora de cada a\u00e7\u00e3o realizada e informa\u00e7\u00f5es sobre o dispositivo utilizado, tais como a vers\u00e3o de sistema operacional, navegador e geolocaliza\u00e7\u00e3o.<\/p>\t\t\t\t\t\t\t\t<\/div>\n\t\t\t\t<\/div>\n\t\t\t\t<div class=\"elementor-element elementor-element-236b378 elementor-widget elementor-widget-heading\" data-id=\"236b378\" data-element_type=\"widget\" data-e-type=\"widget\" data-widget_type=\"heading.default\">\n\t\t\t\t<div class=\"elementor-widget-container\">\n\t\t\t\t\t<h2 class=\"elementor-heading-title elementor-size-default\">13. MEDIDAS DE SEGURAN\u00c7A<\/h2>\t\t\t\t<\/div>\n\t\t\t\t<\/div>\n\t\t\t\t<div class=\"elementor-element elementor-element-9388562 elementor-widget elementor-widget-text-editor\" data-id=\"9388562\" data-element_type=\"widget\" data-e-type=\"widget\" data-widget_type=\"text-editor.default\">\n\t\t\t\t<div class=\"elementor-widget-container\">\n\t\t\t\t\t\t\t\t\t<p class=\"mb-4\">A AR PASSWORD usa diversos tipos de medidas de seguran\u00e7a para garantir a integridade de seus dados pessoais, como padr\u00f5es de seguran\u00e7a de informa\u00e7\u00e3o praticados pela ind\u00fastria quando coleta e armazena dados pessoais.<\/p>\t\t\t\t\t\t\t\t<\/div>\n\t\t\t\t<\/div>\n\t\t\t\t<div class=\"elementor-element elementor-element-ddabfbd elementor-widget elementor-widget-heading\" data-id=\"ddabfbd\" data-element_type=\"widget\" data-e-type=\"widget\" data-widget_type=\"heading.default\">\n\t\t\t\t<div class=\"elementor-widget-container\">\n\t\t\t\t\t<h2 class=\"elementor-heading-title elementor-size-default\">14. ACEITA\u00c7\u00c3O DA POL\u00cdTICA DE PRIVACIDADE<\/h2>\t\t\t\t<\/div>\n\t\t\t\t<\/div>\n\t\t\t\t<div class=\"elementor-element elementor-element-ebdb924 elementor-widget elementor-widget-text-editor\" data-id=\"ebdb924\" data-element_type=\"widget\" data-e-type=\"widget\" data-widget_type=\"text-editor.default\">\n\t\t\t\t<div class=\"elementor-widget-container\">\n\t\t\t\t\t\t\t\t\t<p class=\"mb-4\">Ao ler esta Pol\u00edtica de Privacidade e clicar, ao final, em &#8220;Eu li, estou ciente das condi\u00e7\u00f5es de tratamento dos meus dados pessoais e forne\u00e7o meu consentimento, quando aplic\u00e1vel, conforme descrito nesta Pol\u00edtica de Privacidade.&#8221;, voc\u00ea consente com o tratamento dos dados pessoais nas formas aqui indicadas.<\/p>\t\t\t\t\t\t\t\t<\/div>\n\t\t\t\t<\/div>\n\t\t\t\t<div class=\"elementor-element elementor-element-d5762e0 elementor-widget elementor-widget-heading\" data-id=\"d5762e0\" data-element_type=\"widget\" data-e-type=\"widget\" data-widget_type=\"heading.default\">\n\t\t\t\t<div class=\"elementor-widget-container\">\n\t\t\t\t\t<h2 class=\"elementor-heading-title elementor-size-default\">15. ALTERA\u00c7\u00d5ES A ESSA POL\u00cdTICA DE PRIVACIDADE<\/h2>\t\t\t\t<\/div>\n\t\t\t\t<\/div>\n\t\t\t\t<div class=\"elementor-element elementor-element-d6608e7 elementor-widget elementor-widget-text-editor\" data-id=\"d6608e7\" data-element_type=\"widget\" data-e-type=\"widget\" data-widget_type=\"text-editor.default\">\n\t\t\t\t<div class=\"elementor-widget-container\">\n\t\t\t\t\t\t\t\t\t<p class=\"mb-4\">A AR PASSWORD poder\u00e1 alterar esta Pol\u00edtica de Privacidade a qualquer tempo. Toda vez que alguma condi\u00e7\u00e3o relevante desta Pol\u00edtica de Privacidade for alterada, essas altera\u00e7\u00f5es ser\u00e3o v\u00e1lidas, eficazes e vinculantes ap\u00f3s a nova vers\u00e3o ser divulgada no nosso site ou enviada por e-mail para voc\u00ea.<\/p>\t\t\t\t\t\t\t\t<\/div>\n\t\t\t\t<\/div>\n\t\t\t\t<div class=\"elementor-element elementor-element-5987487 elementor-widget elementor-widget-heading\" data-id=\"5987487\" data-element_type=\"widget\" data-e-type=\"widget\" data-widget_type=\"heading.default\">\n\t\t\t\t<div class=\"elementor-widget-container\">\n\t\t\t\t\t<h2 class=\"elementor-heading-title elementor-size-default\">16. FALE CONOSCO<\/h2>\t\t\t\t<\/div>\n\t\t\t\t<\/div>\n\t\t\t\t<div class=\"elementor-element elementor-element-ac6d461 elementor-widget elementor-widget-text-editor\" data-id=\"ac6d461\" data-element_type=\"widget\" data-e-type=\"widget\" data-widget_type=\"text-editor.default\">\n\t\t\t\t<div class=\"elementor-widget-container\">\n\t\t\t\t\t\t\t\t\t<p class=\"mb-4\">Se ap\u00f3s a leitura desta Pol\u00edtica de Privacidade voc\u00ea ainda tiver qualquer d\u00favida, ou por qualquer raz\u00e3o precisar se comunicar conosco para assuntos envolvendo os seus dados pessoais, voc\u00ea pode entrar em contato pelos canais abaixo:<\/p>\n<ul class=\"list-disc pl-6 mb-4\">\n<li>Encarregado (DPO): E-mail: dpo@arpassword.com.br<\/li>\n<\/ul>\n<p class=\"mb-4\">Estamos sempre \u00e0 disposi\u00e7\u00e3o para esclarecer suas d\u00favidas e colocar voc\u00ea no controle dos seus dados pessoais.<\/p>\t\t\t\t\t\t\t\t<\/div>\n\t\t\t\t<\/div>\n\t\t\t\t<div class=\"elementor-element elementor-element-45a1f92 elementor-widget elementor-widget-heading\" data-id=\"45a1f92\" data-element_type=\"widget\" data-e-type=\"widget\" data-widget_type=\"heading.default\">\n\t\t\t\t<div class=\"elementor-widget-container\">\n\t\t\t\t\t<h2 class=\"elementor-heading-title elementor-size-default\">17. CONFIDENCIALIDADE<\/h2>\t\t\t\t<\/div>\n\t\t\t\t<\/div>\n\t\t\t\t<div class=\"elementor-element elementor-element-2e0df35 elementor-widget elementor-widget-text-editor\" data-id=\"2e0df35\" data-element_type=\"widget\" data-e-type=\"widget\" data-widget_type=\"text-editor.default\">\n\t\t\t\t<div class=\"elementor-widget-container\">\n\t\t\t\t\t\t\t\t\t<p class=\"mb-4\">Apesar deste documento ser de propriedade exclusiva da EMPRESA, dever\u00e1 ser de leitura obrigat\u00f3ria dos empregados, prestadores de servi\u00e7os, consultores e colaboradores tempor\u00e1rios.<\/p>\t\t\t\t\t\t\t\t<\/div>\n\t\t\t\t<\/div>\n\t\t\t\t<div class=\"elementor-element elementor-element-4ab8106 elementor-align-center elementor-widget elementor-widget-button\" data-id=\"4ab8106\" data-element_type=\"widget\" data-e-type=\"widget\" data-widget_type=\"button.default\">\n\t\t\t\t<div class=\"elementor-widget-container\">\n\t\t\t\t\t\t\t\t\t<div class=\"elementor-button-wrapper\">\n\t\t\t\t\t<a class=\"elementor-button elementor-button-link elementor-size-sm\" href=\"https:\/\/pass.16xv.com.br\/index.php\/refund_returns\/\">\n\t\t\t\t\t\t<span class=\"elementor-button-content-wrapper\">\n\t\t\t\t\t\t<span class=\"elementor-button-icon\">\n\t\t\t\t<svg aria-hidden=\"true\" class=\"e-font-icon-svg e-fas-arrow-right\" viewBox=\"0 0 448 512\" xmlns=\"http:\/\/www.w3.org\/2000\/svg\"><path d=\"M190.5 66.9l22.2-22.2c9.4-9.4 24.6-9.4 33.9 0L441 239c9.4 9.4 9.4 24.6 0 33.9L246.6 467.3c-9.4 9.4-24.6 9.4-33.9 0l-22.2-22.2c-9.5-9.5-9.3-25 .4-34.3L311.4 296H24c-13.3 0-24-10.7-24-24v-32c0-13.3 10.7-24 24-24h287.4L190.9 101.2c-9.8-9.3-10-24.8-.4-34.3z\"><\/path><\/svg>\t\t\t<\/span>\n\t\t\t\t\t\t\t\t\t<span class=\"elementor-button-text\">LGPD - Lei Geral De Prote\u00e7\u00e3o De Dados<\/span>\n\t\t\t\t\t<\/span>\n\t\t\t\t\t<\/a>\n\t\t\t\t<\/div>\n\t\t\t\t\t\t\t\t<\/div>\n\t\t\t\t<\/div>\n\t\t\t\t\t<\/div>\n\t\t\t\t<\/div>\n\t\t\t\t<\/div>\n\t\t","protected":false},"excerpt":{"rendered":"<p>Pol\u00edtica de Privacidade Password Solu\u00e7\u00f5es em Tecnologia Ltda A Pol\u00edtica de Privacidade da PASSWORD SOLUCOES EM TECNOLOGIA LTDA (AR PASSWORD), inscrita no CNPJ sob o n\u00b0 32.076.453\/0001 98 e demais empresas do grupo, foi criada para mostrar o nosso compromisso em sempre tratar os seus dados pessoais com seguran\u00e7a, privacidade e transpar\u00eancia. Esta Pol\u00edtica de [&hellip;]<\/p>\n","protected":false},"author":1,"featured_media":0,"parent":0,"menu_order":0,"comment_status":"closed","ping_status":"closed","template":"","meta":{"footnotes":""},"class_list":["post-3","page","type-page","status-publish","hentry"],"_links":{"self":[{"href":"https:\/\/pass.16xv.com.br\/index.php\/wp-json\/wp\/v2\/pages\/3","targetHints":{"allow":["GET"]}}],"collection":[{"href":"https:\/\/pass.16xv.com.br\/index.php\/wp-json\/wp\/v2\/pages"}],"about":[{"href":"https:\/\/pass.16xv.com.br\/index.php\/wp-json\/wp\/v2\/types\/page"}],"author":[{"embeddable":true,"href":"https:\/\/pass.16xv.com.br\/index.php\/wp-json\/wp\/v2\/users\/1"}],"replies":[{"embeddable":true,"href":"https:\/\/pass.16xv.com.br\/index.php\/wp-json\/wp\/v2\/comments?post=3"}],"version-history":[{"count":30,"href":"https:\/\/pass.16xv.com.br\/index.php\/wp-json\/wp\/v2\/pages\/3\/revisions"}],"predecessor-version":[{"id":1159,"href":"https:\/\/pass.16xv.com.br\/index.php\/wp-json\/wp\/v2\/pages\/3\/revisions\/1159"}],"wp:attachment":[{"href":"https:\/\/pass.16xv.com.br\/index.php\/wp-json\/wp\/v2\/media?parent=3"}],"curies":[{"name":"wp","href":"https:\/\/api.w.org\/{rel}","templated":true}]}}